{"id":1688,"date":"2020-12-10T14:53:08","date_gmt":"2020-12-10T14:53:08","guid":{"rendered":"https:\/\/p3.potentialbrands.de\/?page_id=1688"},"modified":"2024-10-15T14:49:10","modified_gmt":"2024-10-15T12:49:10","slug":"impressum","status":"publish","type":"page","link":"https:\/\/mainperformance.de\/en\/impressum\/","title":{"rendered":"Legal Notice"},"content":{"rendered":"<div data-elementor-type=\"wp-page\" data-elementor-id=\"1688\" class=\"elementor elementor-1688\" data-elementor-post-type=\"page\">\n\t\t\t\t\t\t<section class=\"elementor-section elementor-top-section elementor-element elementor-element-c5dcbde elementor-section-boxed elementor-section-height-default elementor-section-height-default\" data-id=\"c5dcbde\" data-element_type=\"section\" data-e-type=\"section\" data-settings=\"{&quot;background_background&quot;:&quot;classic&quot;,&quot;ekit_has_onepagescroll_dot&quot;:&quot;yes&quot;}\">\n\t\t\t\t\t\t\t<div class=\"elementor-background-overlay\"><\/div>\n\t\t\t\t\t\t\t<div class=\"elementor-container elementor-column-gap-default\">\n\t\t\t\t\t<div class=\"elementor-column elementor-col-33 elementor-top-column elementor-element elementor-element-3685d86\" data-id=\"3685d86\" data-element_type=\"column\" data-e-type=\"column\">\n\t\t\t<div class=\"elementor-widget-wrap\">\n\t\t\t\t\t\t\t<\/div>\n\t\t<\/div>\n\t\t\t\t<div class=\"elementor-column elementor-col-33 elementor-top-column elementor-element elementor-element-376fa78 elementor-invisible\" data-id=\"376fa78\" data-element_type=\"column\" data-e-type=\"column\" data-settings=\"{&quot;animation&quot;:&quot;fadeInUp&quot;}\">\n\t\t\t<div class=\"elementor-widget-wrap elementor-element-populated\">\n\t\t\t\t\t\t\t<\/div>\n\t\t<\/div>\n\t\t\t\t<div class=\"elementor-column elementor-col-33 elementor-top-column elementor-element elementor-element-bc4781c\" data-id=\"bc4781c\" data-element_type=\"column\" data-e-type=\"column\">\n\t\t\t<div class=\"elementor-widget-wrap\">\n\t\t\t\t\t\t\t<\/div>\n\t\t<\/div>\n\t\t\t\t\t<\/div>\n\t\t<\/section>\n\t\t\t\t<section class=\"elementor-section elementor-top-section elementor-element elementor-element-a9f3e6c elementor-section-boxed elementor-section-height-default elementor-section-height-default\" data-id=\"a9f3e6c\" data-element_type=\"section\" data-e-type=\"section\" data-settings=\"{&quot;ekit_has_onepagescroll_dot&quot;:&quot;yes&quot;}\">\n\t\t\t\t\t\t<div class=\"elementor-container elementor-column-gap-default\">\n\t\t\t\t\t<div class=\"elementor-column elementor-col-100 elementor-top-column elementor-element elementor-element-3a80f7d\" data-id=\"3a80f7d\" data-element_type=\"column\" data-e-type=\"column\">\n\t\t\t<div class=\"elementor-widget-wrap elementor-element-populated\">\n\t\t\t\t\t\t<div class=\"elementor-element elementor-element-b19549e elementor-widget elementor-widget-spacer\" data-id=\"b19549e\" data-element_type=\"widget\" data-e-type=\"widget\" data-settings=\"{&quot;ekit_we_effect_on&quot;:&quot;none&quot;}\" data-widget_type=\"spacer.default\">\n\t\t\t\t<div class=\"elementor-widget-container\">\n\t\t\t\t\t\t\t<div class=\"elementor-spacer\">\n\t\t\t<div class=\"elementor-spacer-inner\"><\/div>\n\t\t<\/div>\n\t\t\t\t\t\t<\/div>\n\t\t\t\t<\/div>\n\t\t\t\t\t<\/div>\n\t\t<\/div>\n\t\t\t\t\t<\/div>\n\t\t<\/section>\n\t\t\t\t<section class=\"elementor-section elementor-top-section elementor-element elementor-element-96c1cf7 elementor-section-boxed elementor-section-height-default elementor-section-height-default\" data-id=\"96c1cf7\" data-element_type=\"section\" data-e-type=\"section\" data-settings=\"{&quot;ekit_has_onepagescroll_dot&quot;:&quot;yes&quot;}\">\n\t\t\t\t\t\t<div class=\"elementor-container elementor-column-gap-default\">\n\t\t\t\t\t<div class=\"elementor-column elementor-col-100 elementor-top-column elementor-element elementor-element-624d726\" data-id=\"624d726\" data-element_type=\"column\" data-e-type=\"column\">\n\t\t\t<div class=\"elementor-widget-wrap elementor-element-populated\">\n\t\t\t\t\t\t<div class=\"elementor-element elementor-element-5452a97 elementor-widget elementor-widget-text-editor\" data-id=\"5452a97\" data-element_type=\"widget\" data-e-type=\"widget\" data-settings=\"{&quot;ekit_we_effect_on&quot;:&quot;none&quot;}\" data-widget_type=\"text-editor.default\">\n\t\t\t\t<div class=\"elementor-widget-container\">\n\t\t\t\t\t\t\t\t\t<p><b>Legal Notice<\/b><\/p><p><b>Angaben gem\u00e4\u00df \u00a7 5 TMG<\/b><\/p><p>\u00a0<\/p><p>Mainperformance GmbH<\/p><p>Waldschmidtstra\u00dfe 69<\/p><p>60316 Frankfurt am Main<\/p><p>\u00a0<\/p><p>Handelsregister: Frankfurt am Main<\/p><p>Handelsregisternummer:\u00a0HRB 131909<\/p><p>USt-Identifikationsnummer:\u00a0DE364109572<\/p><p>\u00a0<\/p><p>Gesch\u00e4ftsf\u00fchrer: Dennis Naab<\/p><p>\u00a0<\/p><p><b>Contact<\/b><\/p><p>Telefon: 069\/91 31 16 25<\/p><p>E-Mail: dp@mainperformance.de<\/p><p>\u00a0<\/p><p>Verantwortlicher im Sinne des \u00a7 18 Abs. 2 MStV: Dennis Naab, Waldschmidtstra\u00dfe 69, 60316 Frankfurt am Main<\/p><p>\u00a0<\/p><p><b>Verbraucherstreitbeilegung nach \u00a7 36 Abs. 1 VSBG (Verbraucherstreitbeilegungsgesetz)<\/b><\/p><p>Wir sind immer bem\u00fcht, eventuelle Meinungsverschiedenheiten einvernehmlich beizulegen. Dar\u00fcber hinaus haben wir uns entschieden, nicht an einem Streitbeilegungsverfahren vor Verbraucherschlichtungsstellen teilzunehmen. Hierzu sind wir auch nicht verpflichtet.<\/p><p>\u00a0<\/p><p><b>Haftungsausschluss<\/b><\/p><p><b>Haftung f\u00fcr Inhalte<\/b><\/p><p>Die Inhalte unserer Seiten wurden mit gr\u00f6\u00dfter Sorgfalt erstellt. F\u00fcr die Richtigkeit, Vollst\u00e4ndigkeit und Aktualit\u00e4t der Inhalte k\u00f6nnen wir jedoch keine Gew\u00e4hr \u00fcbernehmen. Als Diensteanbieter sind wir gem\u00e4\u00df \u00a7 7 Abs. 1 TMG f\u00fcr eigene Inhalte auf diesen Seiten nach den allgemeinen Gesetzen verantwortlich. Nach \u00a7\u00a7 8 bis 10 TMG sind wir als Diensteanbieter jedoch nicht verpflichtet, \u00fcbermittelte oder gespeicherte fremde Informationen zu \u00fcberwachen oder nach Umst\u00e4nden zu forschen, die auf eine rechtswidrige T\u00e4tigkeit hinweisen. Verpflichtungen zur Entfernung oder Sperrung der Nutzung von Informationen nach den allgemeinen Gesetzen bleiben hiervon unber\u00fchrt. Eine diesbez\u00fcgliche Haftung ist jedoch erst ab dem Zeitpunkt der Kenntnis einer konkreten Rechtsverletzung m\u00f6glich. Bei Bekanntwerden von entsprechenden Rechtsverletzungen werden wir diese Inhalte umgehend entfernen.<\/p><p>\u00a0<\/p><p><b>Haftung f\u00fcr Links<\/b><\/p><p>Unser Angebot enth\u00e4lt Links zu externen Webseiten Dritter, auf deren Inhalte wir keinen Einfluss haben. Die verlinkten Seiten wurden zum Zeitpunkt der Verlinkung auf m\u00f6gliche Rechtsverst\u00f6\u00dfe \u00fcberpr\u00fcft. Rechtswidrige Inhalte waren zum Zeitpunkt der Verlinkung nicht erkennbar. Auf die Entwicklung der Inhalte dieser verlinkten Webseiten haben wir jedoch keinen Einfluss. F\u00fcr die Inhalte der verlinkten Seiten ist stets der jeweilige Anbieter oder Betreiber der Seiten verantwortlich. Wir distanzieren uns von allen Inhalten, die nach der Verlinkung ge\u00e4ndert wurden. Bei Bekanntwerden von Rechtsverletzungen werden wir derartige Links oder die betreffenden Inhalte unverz\u00fcglich von unserer Internetseite entfernen.<\/p><p><b>\u00a0<\/b><\/p><p><b>Urheberrecht<\/b><\/p><p>Die durch die Seitenbetreiber erstellten Inhalte und Werke (Texte, Bilder, Graphiken, Tondokumente, Animationen und Videosequenzen) auf diesen Internetseiten sowie deren Anordnung auf unseren Internetseiten unterliegen dem Schutz des Urheberrechts. Die Vervielf\u00e4ltigung, Ver\u00e4nderung, Bearbeitung, Verbreitung und jede Art der Verwertung in anderen elektronischen oder gedruckten Publikationen bed\u00fcrfen der ausdr\u00fccklichen Zustimmung des jeweiligen Autors bzw. Erstellers. Downloads und Kopien dieser Seite sind nur f\u00fcr den privaten, nicht kommerziellen Gebrauch gestattet.<\/p><p>\u00a0<\/p><p>Soweit die Inhalte auf dieser Seite nicht vom Betreiber erstellt wurden, werden die Urheberrechte Dritter beachtet. Insbesondere werden Inhalte Dritter als solche gekennzeichnet. Sollten Sie trotzdem auf eine Urheberrechtsverletzung aufmerksam werden, bitten wir um einen entsprechenden Hinweis. Bei Bekanntwerden von Rechtsverletzungen werden wir derartige Inhalte umgehend entfernen.<\/p>\t\t\t\t\t\t\t\t<\/div>\n\t\t\t\t<\/div>\n\t\t\t\t\t<\/div>\n\t\t<\/div>\n\t\t\t\t\t<\/div>\n\t\t<\/section>\n\t\t\t\t<\/div>","protected":false},"excerpt":{"rendered":"<p>Impressum Angaben gem\u00e4\u00df \u00a7 5 TMG \u00a0 Mainperformance GmbH Waldschmidtstra\u00dfe 69 60316 Frankfurt am Main \u00a0 Handelsregister: Frankfurt am Main Handelsregisternummer:\u00a0HRB 131909 USt-Identifikationsnummer:\u00a0DE364109572 \u00a0 Gesch\u00e4ftsf\u00fchrer: Dennis Naab \u00a0 Kontakt Telefon: 069\/91 31 16 25 E-Mail: dp@mainperformance.de \u00a0 Verantwortlicher im Sinne des \u00a7 18 Abs. 2 MStV: Dennis Naab, Waldschmidtstra\u00dfe 69, 60316 Frankfurt am Main \u00a0 [&hellip;]<\/p>\n","protected":false},"author":5,"featured_media":0,"parent":0,"menu_order":0,"comment_status":"closed","ping_status":"closed","template":"","meta":{"footnotes":""},"class_list":["post-1688","page","type-page","status-publish","hentry"],"_links":{"self":[{"href":"https:\/\/mainperformance.de\/en\/wp-json\/wp\/v2\/pages\/1688","targetHints":{"allow":["GET"]}}],"collection":[{"href":"https:\/\/mainperformance.de\/en\/wp-json\/wp\/v2\/pages"}],"about":[{"href":"https:\/\/mainperformance.de\/en\/wp-json\/wp\/v2\/types\/page"}],"author":[{"embeddable":true,"href":"https:\/\/mainperformance.de\/en\/wp-json\/wp\/v2\/users\/5"}],"replies":[{"embeddable":true,"href":"https:\/\/mainperformance.de\/en\/wp-json\/wp\/v2\/comments?post=1688"}],"version-history":[{"count":0,"href":"https:\/\/mainperformance.de\/en\/wp-json\/wp\/v2\/pages\/1688\/revisions"}],"wp:attachment":[{"href":"https:\/\/mainperformance.de\/en\/wp-json\/wp\/v2\/media?parent=1688"}],"curies":[{"name":"wp","href":"https:\/\/api.w.org\/{rel}","templated":true}]}}